{"id":1045,"date":"2025-12-12T11:46:51","date_gmt":"2025-12-12T11:46:51","guid":{"rendered":"https:\/\/romaniweissswingtett.com\/andre-loos\/"},"modified":"2026-01-09T17:38:17","modified_gmt":"2026-01-09T17:38:17","slug":"andre-loos","status":"publish","type":"page","link":"https:\/\/romaniweissswingtett.com\/fr\/andre-loos\/","title":{"rendered":"Andr\u00e9 Loos"},"content":{"rendered":"\t\t<div data-elementor-type=\"wp-page\" data-elementor-id=\"1045\" class=\"elementor elementor-1045 elementor-825\">\n\t\t\t\t<div class=\"elementor-element elementor-element-4b58023 e-flex e-con-boxed e-con e-parent\" data-id=\"4b58023\" data-element_type=\"container\" data-e-type=\"container\">\n\t\t\t\t\t<div class=\"e-con-inner\">\n\t\t\t\t<div class=\"elementor-element elementor-element-2076fde elementor-widget elementor-widget-heading\" data-id=\"2076fde\" data-element_type=\"widget\" data-e-type=\"widget\" data-widget_type=\"heading.default\">\n\t\t\t\t\t<h2 class=\"elementor-heading-title elementor-size-default\">Andr\u00e9 Loos<\/h2>\t\t\t\t<\/div>\n\t\t\t\t<div class=\"elementor-element elementor-element-741084e elementor-widget elementor-widget-heading\" data-id=\"741084e\" data-element_type=\"widget\" data-e-type=\"widget\" data-widget_type=\"heading.default\">\n\t\t\t\t\t<h1 class=\"elementor-heading-title elementor-size-default\"><i>l'homme \u00e0 la basse<\/i><\/h1>\t\t\t\t<\/div>\n\t\t\t\t\t<\/div>\n\t\t\t\t<\/div>\n\t\t<div class=\"elementor-element elementor-element-afb1169 e-flex e-con-boxed e-con e-parent\" data-id=\"afb1169\" data-element_type=\"container\" data-e-type=\"container\">\n\t\t\t\t\t<div class=\"e-con-inner\">\n\t\t\t\t<div class=\"elementor-element elementor-element-5d086f1 elementor-widget elementor-widget-image\" data-id=\"5d086f1\" data-element_type=\"widget\" data-e-type=\"widget\" data-widget_type=\"image.default\">\n\t\t\t\t\t\t\t\t\t\t\t\t\t\t\t<img fetchpriority=\"high\" decoding=\"async\" width=\"768\" height=\"576\" src=\"https:\/\/romaniweissswingtett.com\/wp-content\/uploads\/2025\/12\/4096-3072-max-3-768x576.jpg\" class=\"attachment-medium_large size-medium_large wp-image-1044\" alt=\"Andr\u00e9 Loos\" srcset=\"https:\/\/romaniweissswingtett.com\/wp-content\/uploads\/2025\/12\/4096-3072-max-3-768x576.jpg 768w, https:\/\/romaniweissswingtett.com\/wp-content\/uploads\/2025\/12\/4096-3072-max-3-300x225.jpg 300w, https:\/\/romaniweissswingtett.com\/wp-content\/uploads\/2025\/12\/4096-3072-max-3-1024x768.jpg 1024w, https:\/\/romaniweissswingtett.com\/wp-content\/uploads\/2025\/12\/4096-3072-max-3-1536x1152.jpg 1536w, https:\/\/romaniweissswingtett.com\/wp-content\/uploads\/2025\/12\/4096-3072-max-3-2048x1536.jpg 2048w\" sizes=\"(max-width: 768px) 100vw, 768px\" title=\"Andr\u00e9 Loos\">\t\t\t\t\t\t\t\t\t\t\t\t\t\t\t<\/div>\n\t\t\t\t\t<\/div>\n\t\t\t\t<\/div>\n\t\t<div class=\"elementor-element elementor-element-4eaab0e e-flex e-con-boxed e-con e-parent\" data-id=\"4eaab0e\" data-element_type=\"container\" data-e-type=\"container\">\n\t\t\t\t\t<div class=\"e-con-inner\">\n\t\t\t\t<div class=\"elementor-element elementor-element-ab2a321 elementor-widget__width-initial elementor-widget-tablet__width-inherit elementor-widget elementor-widget-text-editor\" data-id=\"ab2a321\" data-element_type=\"widget\" data-e-type=\"widget\" data-widget_type=\"text-editor.default\">\n\t\t\t\t\t\t\t\t\t<p>Andr\u00e9 Loos a \u00e9tudi\u00e9 \u00e0 la prestigieuse Hanns-Eisler-Hochschule de Berlin et a d&rsquo;abord travaill\u00e9 dans le domaine de la musique de th\u00e9\u00e2tre et de sc\u00e8ne.<\/p><p>En 1989, il a fond\u00e9, avec Romani Weiss, la formation Modern Gipsy Swing, \u00e0 laquelle Martin Weiss s&rsquo;est joint en 1990. Sous le nouveau nom de Martin Weiss Ensemble, de nombreux enregistrements, des tourn\u00e9es internationales et des jalons artistiques ont vu le jour, qui ont marqu\u00e9 de mani\u00e8re d\u00e9cisive le jazz sinti moderne.<\/p><p>Apr\u00e8s une pause personnelle et musicale, Andr\u00e9 Loos est revenu \u00e0 ses racines en 2024. Depuis, avec Romani Weiss, il poursuit \u00e0 nouveau un d\u00e9veloppement vivant du jazz entre tradition et interpr\u00e9tation contemporaine.<\/p><p>Son jeu allie clart\u00e9 m\u00e9lodique et profondeur rythmique et poss\u00e8de une signature lyrique unique. Aujourd&rsquo;hui, Andr\u00e9 Loos joue entre autres dans le Romani Weiss Swingtett et dans le Trio Matrix of Emotion et poursuit son travail artistique en tant que bassiste (contrebasse et basse verticale) stylistiquement ouvert, sensible et en m\u00eame temps puissant.<\/p>\t\t\t\t\t\t\t\t<\/div>\n\t\t\t\t\t<\/div>\n\t\t\t\t<\/div>\n\t\t<div class=\"elementor-element elementor-element-951ca13 e-grid e-con-boxed e-con e-parent\" data-id=\"951ca13\" data-element_type=\"container\" data-e-type=\"container\">\n\t\t\t\t\t<div class=\"e-con-inner\">\n\t\t\t\t<div class=\"elementor-element elementor-element-e4f3c1b elementor-widget__width-initial elementor-widget elementor-widget-text-editor\" data-id=\"e4f3c1b\" data-element_type=\"widget\" data-e-type=\"widget\" data-widget_type=\"text-editor.default\">\n\t\t\t\t\t\t\t\t\t<p><a href=\"https:\/\/romaniweissswingtett.com\/manolito-steinbach\/\">\u2190 Manolito Steinbach<\/a><\/p>\t\t\t\t\t\t\t\t<\/div>\n\t\t\t\t<div class=\"elementor-element elementor-element-d5d72dd elementor-widget elementor-widget-text-editor\" data-id=\"d5d72dd\" data-element_type=\"widget\" data-e-type=\"widget\" data-widget_type=\"text-editor.default\">\n\t\t\t\t\t\t\t\t\t<p><a href=\"https:\/\/romaniweissswingtett.com\/fr\/\">Retour \u00e0 la page d&rsquo;accueil<\/a><\/p>\t\t\t\t\t\t\t\t<\/div>\n\t\t\t\t\t<\/div>\n\t\t\t\t<\/div>\n\t\t\t\t<\/div>\n\t\t","protected":false},"excerpt":{"rendered":"<p>Andr\u00e9 Loos l&rsquo;homme \u00e0 la basse Andr\u00e9 Loos a \u00e9tudi\u00e9 \u00e0 la prestigieuse Hanns-Eisler-Hochschule de Berlin et a d&rsquo;abord travaill\u00e9 [&hellip;]<\/p>\n","protected":false},"author":1,"featured_media":0,"parent":0,"menu_order":0,"comment_status":"closed","ping_status":"closed","template":"","meta":{"_uag_custom_page_level_css":"","site-sidebar-layout":"no-sidebar","site-content-layout":"","ast-site-content-layout":"full-width-container","site-content-style":"default","site-sidebar-style":"default","ast-global-header-display":"","ast-banner-title-visibility":"","ast-main-header-display":"","ast-hfb-above-header-display":"","ast-hfb-below-header-display":"","ast-hfb-mobile-header-display":"","site-post-title":"disabled","ast-breadcrumbs-content":"","ast-featured-img":"disabled","footer-sml-layout":"","ast-disable-related-posts":"","theme-transparent-header-meta":"enabled","adv-header-id-meta":"","stick-header-meta":"","header-above-stick-meta":"","header-main-stick-meta":"","header-below-stick-meta":"","astra-migrate-meta-layouts":"default","ast-page-background-enabled":"default","ast-page-background-meta":{"desktop":{"background-color":"var(--ast-global-color-4)","background-image":"","background-repeat":"repeat","background-position":"center center","background-size":"auto","background-attachment":"scroll","background-type":"","background-media":"","overlay-type":"","overlay-color":"","overlay-opacity":"","overlay-gradient":""},"tablet":{"background-color":"","background-image":"","background-repeat":"repeat","background-position":"center center","background-size":"auto","background-attachment":"scroll","background-type":"","background-media":"","overlay-type":"","overlay-color":"","overlay-opacity":"","overlay-gradient":""},"mobile":{"background-color":"","background-image":"","background-repeat":"repeat","background-position":"center center","background-size":"auto","background-attachment":"scroll","background-type":"","background-media":"","overlay-type":"","overlay-color":"","overlay-opacity":"","overlay-gradient":""}},"ast-content-background-meta":{"desktop":{"background-color":"var(--ast-global-color-5)","background-image":"","background-repeat":"repeat","background-position":"center center","background-size":"auto","background-attachment":"scroll","background-type":"","background-media":"","overlay-type":"","overlay-color":"","overlay-opacity":"","overlay-gradient":""},"tablet":{"background-color":"var(--ast-global-color-5)","background-image":"","background-repeat":"repeat","background-position":"center center","background-size":"auto","background-attachment":"scroll","background-type":"","background-media":"","overlay-type":"","overlay-color":"","overlay-opacity":"","overlay-gradient":""},"mobile":{"background-color":"var(--ast-global-color-5)","background-image":"","background-repeat":"repeat","background-position":"center center","background-size":"auto","background-attachment":"scroll","background-type":"","background-media":"","overlay-type":"","overlay-color":"","overlay-opacity":"","overlay-gradient":""}},"footnotes":""},"class_list":["post-1045","page","type-page","status-publish","hentry"],"uagb_featured_image_src":{"full":false,"thumbnail":false,"medium":false,"medium_large":false,"large":false,"1536x1536":false,"2048x2048":false},"uagb_author_info":{"display_name":"solhanna.business@gmail.com","author_link":"https:\/\/romaniweissswingtett.com\/fr\/author\/solhanna-businessgmail-com\/"},"uagb_comment_info":0,"uagb_excerpt":"Andr\u00e9 Loos l&rsquo;homme \u00e0 la basse Andr\u00e9 Loos a \u00e9tudi\u00e9 \u00e0 la prestigieuse Hanns-Eisler-Hochschule de Berlin et a d&rsquo;abord travaill\u00e9 [&hellip;]","_links":{"self":[{"href":"https:\/\/romaniweissswingtett.com\/fr\/wp-json\/wp\/v2\/pages\/1045","targetHints":{"allow":["GET"]}}],"collection":[{"href":"https:\/\/romaniweissswingtett.com\/fr\/wp-json\/wp\/v2\/pages"}],"about":[{"href":"https:\/\/romaniweissswingtett.com\/fr\/wp-json\/wp\/v2\/types\/page"}],"author":[{"embeddable":true,"href":"https:\/\/romaniweissswingtett.com\/fr\/wp-json\/wp\/v2\/users\/1"}],"replies":[{"embeddable":true,"href":"https:\/\/romaniweissswingtett.com\/fr\/wp-json\/wp\/v2\/comments?post=1045"}],"version-history":[{"count":1,"href":"https:\/\/romaniweissswingtett.com\/fr\/wp-json\/wp\/v2\/pages\/1045\/revisions"}],"predecessor-version":[{"id":1046,"href":"https:\/\/romaniweissswingtett.com\/fr\/wp-json\/wp\/v2\/pages\/1045\/revisions\/1046"}],"wp:attachment":[{"href":"https:\/\/romaniweissswingtett.com\/fr\/wp-json\/wp\/v2\/media?parent=1045"}],"curies":[{"name":"wp","href":"https:\/\/api.w.org\/{rel}","templated":true}]}}