{"id":1070,"date":"2025-12-12T08:01:43","date_gmt":"2025-12-12T08:01:43","guid":{"rendered":"https:\/\/romaniweissswingtett.com\/romani-weiss\/"},"modified":"2026-01-09T18:05:11","modified_gmt":"2026-01-09T18:05:11","slug":"romani-weiss","status":"publish","type":"page","link":"https:\/\/romaniweissswingtett.com\/fr\/romani-weiss\/","title":{"rendered":"Romani Weiss"},"content":{"rendered":"\t\t<div data-elementor-type=\"wp-page\" data-elementor-id=\"1070\" class=\"elementor elementor-1070 elementor-751\">\n\t\t\t\t<div class=\"elementor-element elementor-element-4b58023 e-flex e-con-boxed e-con e-parent\" data-id=\"4b58023\" data-element_type=\"container\" data-e-type=\"container\">\n\t\t\t\t\t<div class=\"e-con-inner\">\n\t\t\t\t<div class=\"elementor-element elementor-element-2076fde elementor-widget elementor-widget-heading\" data-id=\"2076fde\" data-element_type=\"widget\" data-e-type=\"widget\" data-widget_type=\"heading.default\">\n\t\t\t\t\t<h2 class=\"elementor-heading-title elementor-size-default\">Romani Weiss<\/h2>\t\t\t\t<\/div>\n\t\t\t\t<div class=\"elementor-element elementor-element-741084e elementor-widget elementor-widget-heading\" data-id=\"741084e\" data-element_type=\"widget\" data-e-type=\"widget\" data-widget_type=\"heading.default\">\n\t\t\t\t\t<h1 class=\"elementor-heading-title elementor-size-default\"><i>Ma\u00eetre du jazz manouche m\u00e9lodieux<\/i><\/h1>\t\t\t\t<\/div>\n\t\t\t\t\t<\/div>\n\t\t\t\t<\/div>\n\t\t<div class=\"elementor-element elementor-element-afb1169 e-flex e-con-boxed e-con e-parent\" data-id=\"afb1169\" data-element_type=\"container\" data-e-type=\"container\">\n\t\t\t\t\t<div class=\"e-con-inner\">\n\t\t\t\t<div class=\"elementor-element elementor-element-5d086f1 elementor-widget elementor-widget-image\" data-id=\"5d086f1\" data-element_type=\"widget\" data-e-type=\"widget\" data-widget_type=\"image.default\">\n\t\t\t\t\t\t\t\t\t\t\t\t\t\t\t<img fetchpriority=\"high\" decoding=\"async\" width=\"768\" height=\"576\" src=\"https:\/\/romaniweissswingtett.com\/wp-content\/uploads\/2025\/12\/4096-3072-max-768x576.jpg\" class=\"attachment-medium_large size-medium_large wp-image-1069\" alt=\"Foto Romani Weiss\" srcset=\"https:\/\/romaniweissswingtett.com\/wp-content\/uploads\/2025\/12\/4096-3072-max-768x576.jpg 768w, https:\/\/romaniweissswingtett.com\/wp-content\/uploads\/2025\/12\/4096-3072-max-300x225.jpg 300w, https:\/\/romaniweissswingtett.com\/wp-content\/uploads\/2025\/12\/4096-3072-max-1024x768.jpg 1024w, https:\/\/romaniweissswingtett.com\/wp-content\/uploads\/2025\/12\/4096-3072-max-1536x1152.jpg 1536w, https:\/\/romaniweissswingtett.com\/wp-content\/uploads\/2025\/12\/4096-3072-max-2048x1536.jpg 2048w\" sizes=\"(max-width: 768px) 100vw, 768px\" title=\"Romani Weiss\">\t\t\t\t\t\t\t\t\t\t\t\t\t\t\t<\/div>\n\t\t\t\t\t<\/div>\n\t\t\t\t<\/div>\n\t\t<div class=\"elementor-element elementor-element-4eaab0e e-flex e-con-boxed e-con e-parent\" data-id=\"4eaab0e\" data-element_type=\"container\" data-e-type=\"container\">\n\t\t\t\t\t<div class=\"e-con-inner\">\n\t\t\t\t<div class=\"elementor-element elementor-element-ab2a321 elementor-widget__width-initial elementor-widget-tablet__width-inherit elementor-widget elementor-widget-text-editor\" data-id=\"ab2a321\" data-element_type=\"widget\" data-e-type=\"widget\" data-widget_type=\"text-editor.default\">\n\t\t\t\t\t\t\t\t\t<p><span style=\"font-style: inherit; font-weight: inherit;\">Romani Weiss est l&rsquo;un des guitaristes exceptionnels du jazz manouche m\u00e9lodieux. Ayant grandi \u00e0 Berlin-Wedding et accompagn\u00e9 par son cousin, le violoniste de jazz de renomm\u00e9e mondiale Martin Weiss, il a d\u00e9velopp\u00e9 tr\u00e8s t\u00f4t ce son chaleureux et lyrique qui est encore aujourd&rsquo;hui sa marque de fabrique. D\u00e9j\u00e0 \u00e0 l&rsquo;\u00e2ge de 14 ans, il \u00e9tait consid\u00e9r\u00e9 comme un tuyau d&rsquo;initi\u00e9 dans les clubs berlinois &#8211; un musicien qui touche d\u00e8s la premi\u00e8re note.  <\/span><\/p><p>En 1979, Romani est devenu membre du l\u00e9gendaire H\u00e4ns&rsquo;che Weiss Quintett et s&rsquo;est produit lors du premier festival de musique des Sintis \u00e0 Darmstadt. Il a ainsi \u00e9crit tr\u00e8s t\u00f4t un chapitre de l&rsquo;histoire du jazz allemand. Au cours des d\u00e9cennies suivantes, il a partag\u00e9 la sc\u00e8ne avec certaines des personnalit\u00e9s les plus importantes du jazz, dont St\u00e9phane Grappelli et Benny Goodman, dont l&rsquo;estime souligne son statut d&rsquo;artiste exceptionnel.  <\/p><p>Romani convainc par une conduite m\u00e9lodique incomparable, une brillance technique et une profondeur \u00e9motionnelle qui font de chaque repr\u00e9sentation une exp\u00e9rience particuli\u00e8re. En tant qu&rsquo;arrangeur, il a marqu\u00e9 de nombreuses productions de CD ; ses propres compositions t\u00e9moignent d&rsquo;une impressionnante diversit\u00e9 stylistique et d&rsquo;une maturit\u00e9 artistique. <\/p><p>Son travail a \u00e9galement \u00e9t\u00e9 immortalis\u00e9 au cin\u00e9ma : il est pr\u00e9sent dans plusieurs documentaires t\u00e9l\u00e9vis\u00e9s, dont le film prim\u00e9 de l&rsquo;ARD \u00ab&nbsp;Le long chemin des Sintis et des Roms&nbsp;\u00bb (Prix allemand du film sur les droits de l&rsquo;homme 2021).<\/p><p><strong>Romani Weiss est synonyme de jazz manouche authentique au plus haut niveau.<\/strong> En tant que chef d&rsquo;orchestre, il r\u00e9unit des musiciens tri\u00e9s sur le volet qui partagent sa vision musicale claire. Avec eux, il fa\u00e7onne un son chaleureux, polyvalent et \u00e9nergique, marqu\u00e9 par la pr\u00e9cision, l&rsquo;authenticit\u00e9 et une joie de jouer palpable. <\/p>\t\t\t\t\t\t\t\t<\/div>\n\t\t\t\t\t<\/div>\n\t\t\t\t<\/div>\n\t\t<div class=\"elementor-element elementor-element-4207cc2 e-flex e-con-boxed e-con e-parent\" data-id=\"4207cc2\" data-element_type=\"container\" data-e-type=\"container\">\n\t\t\t\t\t<div class=\"e-con-inner\">\n\t\t<div class=\"elementor-element elementor-element-2a1a29b e-con-full e-flex e-con e-child\" data-id=\"2a1a29b\" data-element_type=\"container\" data-e-type=\"container\">\n\t\t\t\t<div class=\"elementor-element elementor-element-70d2536 elementor-widget elementor-widget-text-editor\" data-id=\"70d2536\" data-element_type=\"widget\" data-e-type=\"widget\" data-widget_type=\"text-editor.default\">\n\t\t\t\t\t\t\t\t\t<p><a href=\"https:\/\/romaniweissswingtett.com\/fr\/\">\u2190 Retour \u00e0 la page d&rsquo;accueil<\/a><\/p>\t\t\t\t\t\t\t\t<\/div>\n\t\t\t\t<\/div>\n\t\t<div class=\"elementor-element elementor-element-64290a1 e-con-full e-flex e-con e-child\" data-id=\"64290a1\" data-element_type=\"container\" data-e-type=\"container\">\n\t\t\t\t<div class=\"elementor-element elementor-element-acaf4fa elementor-widget elementor-widget-text-editor\" data-id=\"acaf4fa\" data-element_type=\"widget\" data-e-type=\"widget\" data-widget_type=\"text-editor.default\">\n\t\t\t\t\t\t\t\t\t<p><a href=\"https:\/\/romaniweissswingtett.com\/hanna-bienert\/\">Hanna Bienert \u2192<\/a><\/p>\t\t\t\t\t\t\t\t<\/div>\n\t\t\t\t<\/div>\n\t\t\t\t\t<\/div>\n\t\t\t\t<\/div>\n\t\t\t\t<\/div>\n\t\t","protected":false},"excerpt":{"rendered":"<p>Romani Weiss Ma\u00eetre du jazz manouche m\u00e9lodieux Romani Weiss est l&rsquo;un des guitaristes exceptionnels du jazz manouche m\u00e9lodieux. Ayant grandi [&hellip;]<\/p>\n","protected":false},"author":1,"featured_media":0,"parent":0,"menu_order":0,"comment_status":"closed","ping_status":"closed","template":"","meta":{"_uag_custom_page_level_css":"","site-sidebar-layout":"no-sidebar","site-content-layout":"","ast-site-content-layout":"full-width-container","site-content-style":"default","site-sidebar-style":"default","ast-global-header-display":"","ast-banner-title-visibility":"","ast-main-header-display":"","ast-hfb-above-header-display":"","ast-hfb-below-header-display":"","ast-hfb-mobile-header-display":"","site-post-title":"disabled","ast-breadcrumbs-content":"","ast-featured-img":"disabled","footer-sml-layout":"","ast-disable-related-posts":"","theme-transparent-header-meta":"enabled","adv-header-id-meta":"","stick-header-meta":"","header-above-stick-meta":"","header-main-stick-meta":"","header-below-stick-meta":"","astra-migrate-meta-layouts":"default","ast-page-background-enabled":"default","ast-page-background-meta":{"desktop":{"background-color":"var(--ast-global-color-4)","background-image":"","background-repeat":"repeat","background-position":"center center","background-size":"auto","background-attachment":"scroll","background-type":"","background-media":"","overlay-type":"","overlay-color":"","overlay-opacity":"","overlay-gradient":""},"tablet":{"background-color":"","background-image":"","background-repeat":"repeat","background-position":"center center","background-size":"auto","background-attachment":"scroll","background-type":"","background-media":"","overlay-type":"","overlay-color":"","overlay-opacity":"","overlay-gradient":""},"mobile":{"background-color":"","background-image":"","background-repeat":"repeat","background-position":"center center","background-size":"auto","background-attachment":"scroll","background-type":"","background-media":"","overlay-type":"","overlay-color":"","overlay-opacity":"","overlay-gradient":""}},"ast-content-background-meta":{"desktop":{"background-color":"var(--ast-global-color-5)","background-image":"","background-repeat":"repeat","background-position":"center center","background-size":"auto","background-attachment":"scroll","background-type":"","background-media":"","overlay-type":"","overlay-color":"","overlay-opacity":"","overlay-gradient":""},"tablet":{"background-color":"var(--ast-global-color-5)","background-image":"","background-repeat":"repeat","background-position":"center center","background-size":"auto","background-attachment":"scroll","background-type":"","background-media":"","overlay-type":"","overlay-color":"","overlay-opacity":"","overlay-gradient":""},"mobile":{"background-color":"var(--ast-global-color-5)","background-image":"","background-repeat":"repeat","background-position":"center center","background-size":"auto","background-attachment":"scroll","background-type":"","background-media":"","overlay-type":"","overlay-color":"","overlay-opacity":"","overlay-gradient":""}},"footnotes":""},"class_list":["post-1070","page","type-page","status-publish","hentry"],"uagb_featured_image_src":{"full":false,"thumbnail":false,"medium":false,"medium_large":false,"large":false,"1536x1536":false,"2048x2048":false},"uagb_author_info":{"display_name":"solhanna.business@gmail.com","author_link":"https:\/\/romaniweissswingtett.com\/fr\/author\/solhanna-businessgmail-com\/"},"uagb_comment_info":0,"uagb_excerpt":"Romani Weiss Ma\u00eetre du jazz manouche m\u00e9lodieux Romani Weiss est l&rsquo;un des guitaristes exceptionnels du jazz manouche m\u00e9lodieux. Ayant grandi [&hellip;]","_links":{"self":[{"href":"https:\/\/romaniweissswingtett.com\/fr\/wp-json\/wp\/v2\/pages\/1070","targetHints":{"allow":["GET"]}}],"collection":[{"href":"https:\/\/romaniweissswingtett.com\/fr\/wp-json\/wp\/v2\/pages"}],"about":[{"href":"https:\/\/romaniweissswingtett.com\/fr\/wp-json\/wp\/v2\/types\/page"}],"author":[{"embeddable":true,"href":"https:\/\/romaniweissswingtett.com\/fr\/wp-json\/wp\/v2\/users\/1"}],"replies":[{"embeddable":true,"href":"https:\/\/romaniweissswingtett.com\/fr\/wp-json\/wp\/v2\/comments?post=1070"}],"version-history":[{"count":1,"href":"https:\/\/romaniweissswingtett.com\/fr\/wp-json\/wp\/v2\/pages\/1070\/revisions"}],"predecessor-version":[{"id":1073,"href":"https:\/\/romaniweissswingtett.com\/fr\/wp-json\/wp\/v2\/pages\/1070\/revisions\/1073"}],"wp:attachment":[{"href":"https:\/\/romaniweissswingtett.com\/fr\/wp-json\/wp\/v2\/media?parent=1070"}],"curies":[{"name":"wp","href":"https:\/\/api.w.org\/{rel}","templated":true}]}}