{"id":1087,"date":"2025-12-12T11:39:57","date_gmt":"2025-12-12T11:39:57","guid":{"rendered":"https:\/\/romaniweissswingtett.com\/manolito-steinbach\/"},"modified":"2026-01-11T21:44:26","modified_gmt":"2026-01-11T21:44:26","slug":"manolito-steinbach","status":"publish","type":"page","link":"https:\/\/romaniweissswingtett.com\/fr\/manolito-steinbach\/","title":{"rendered":"Manolito Steinbach"},"content":{"rendered":"\t\t<div data-elementor-type=\"wp-page\" data-elementor-id=\"1087\" class=\"elementor elementor-1087 elementor-813\">\n\t\t\t\t<div class=\"elementor-element elementor-element-4b58023 e-flex e-con-boxed e-con e-parent\" data-id=\"4b58023\" data-element_type=\"container\" data-e-type=\"container\">\n\t\t\t\t\t<div class=\"e-con-inner\">\n\t\t\t\t<div class=\"elementor-element elementor-element-2076fde elementor-widget elementor-widget-heading\" data-id=\"2076fde\" data-element_type=\"widget\" data-e-type=\"widget\" data-widget_type=\"heading.default\">\n\t\t\t\t\t<h2 class=\"elementor-heading-title elementor-size-default\">Manolito Steinbach<\/h2>\t\t\t\t<\/div>\n\t\t\t\t<div class=\"elementor-element elementor-element-741084e elementor-widget elementor-widget-heading\" data-id=\"741084e\" data-element_type=\"widget\" data-e-type=\"widget\" data-widget_type=\"heading.default\">\n\t\t\t\t\t<h1 class=\"elementor-heading-title elementor-size-default\"><i>Guitariste rythmique et ambassadeur culturel<\/i><\/h1>\t\t\t\t<\/div>\n\t\t\t\t\t<\/div>\n\t\t\t\t<\/div>\n\t\t<div class=\"elementor-element elementor-element-afb1169 e-flex e-con-boxed e-con e-parent\" data-id=\"afb1169\" data-element_type=\"container\" data-e-type=\"container\">\n\t\t\t\t\t<div class=\"e-con-inner\">\n\t\t\t\t<div class=\"elementor-element elementor-element-5d086f1 elementor-widget elementor-widget-image\" data-id=\"5d086f1\" data-element_type=\"widget\" data-e-type=\"widget\" data-widget_type=\"image.default\">\n\t\t\t\t\t\t\t\t\t\t\t\t\t\t\t<img fetchpriority=\"high\" decoding=\"async\" width=\"768\" height=\"576\" src=\"https:\/\/romaniweissswingtett.com\/wp-content\/uploads\/2025\/12\/4096-3072-max-2-768x576.jpg\" class=\"attachment-medium_large size-medium_large wp-image-1071\" alt=\"4096 3072 max (2)\" srcset=\"https:\/\/romaniweissswingtett.com\/wp-content\/uploads\/2025\/12\/4096-3072-max-2-768x576.jpg 768w, https:\/\/romaniweissswingtett.com\/wp-content\/uploads\/2025\/12\/4096-3072-max-2-300x225.jpg 300w, https:\/\/romaniweissswingtett.com\/wp-content\/uploads\/2025\/12\/4096-3072-max-2-1024x768.jpg 1024w, https:\/\/romaniweissswingtett.com\/wp-content\/uploads\/2025\/12\/4096-3072-max-2-1536x1152.jpg 1536w, https:\/\/romaniweissswingtett.com\/wp-content\/uploads\/2025\/12\/4096-3072-max-2-2048x1536.jpg 2048w\" sizes=\"(max-width: 768px) 100vw, 768px\" title=\"Manolito Steinbach\">\t\t\t\t\t\t\t\t\t\t\t\t\t\t\t<\/div>\n\t\t\t\t\t<\/div>\n\t\t\t\t<\/div>\n\t\t<div class=\"elementor-element elementor-element-4eaab0e e-flex e-con-boxed e-con e-parent\" data-id=\"4eaab0e\" data-element_type=\"container\" data-e-type=\"container\">\n\t\t\t\t\t<div class=\"e-con-inner\">\n\t\t\t\t<div class=\"elementor-element elementor-element-ab2a321 elementor-widget__width-initial elementor-widget-tablet__width-inherit elementor-widget elementor-widget-text-editor\" data-id=\"ab2a321\" data-element_type=\"widget\" data-e-type=\"widget\" data-widget_type=\"text-editor.default\">\n\t\t\t\t\t\t\t\t\t<p>Manolito Steinbach enrichit le groupe gr\u00e2ce \u00e0 son jeu de guitare rythmique exceptionnel.<\/p><p>Membre d\u2019une famille de musiciens sinti, ce Berlinois de naissance a d\u00e9couvert la guitare tr\u00e8s t\u00f4t, influenc\u00e9 notamment par son cousin, le musicien sinti de renomm\u00e9e mondiale H\u00e4ns\u2019che Weiss. Ayant grandi avec le swing, Manolito est un point d\u2019ancrage rythmique pour ses coll\u00e8gues musiciens. Il a pr\u00e9sent\u00e9 son talent lors de festivals importants tels que le Schleswig-Holstein Musik Festival, le Rheingau Musik Festival et le Django Festival Augsburg. En 2010, il a \u00e9galement \u00e9t\u00e9 r\u00e9compens\u00e9 lors du Pinneberger SummerJazz-Festival.<\/p><p>Au-del\u00e0 de son travail musical, Manolito s\u2019engage \u00e9galement sur le plan social. Il est le 1er pr\u00e9sident du Maro Tchatchepen e.V. \u2013 Association des Sinti allemands. Dans ce r\u00f4le, il utilise sa voix et sa plateforme pour partager son histoire personnelle en tant que Sinto en Allemagne, promouvoir les \u00e9changes culturels et s\u2019engager activement pour les droits et la visibilit\u00e9 des Sinti allemands.<\/p><p style=\"text-align: center;\"><a href=\"https:\/\/www.maro-tschatchepen.de\" target=\"_blank\" rel=\"noopener\">www.maro-tschatchepen.de<\/a><\/p>\t\t\t\t\t\t\t\t<\/div>\n\t\t\t\t\t<\/div>\n\t\t\t\t<\/div>\n\t\t<div class=\"elementor-element elementor-element-46ff5b4 e-grid e-con-boxed e-con e-parent\" data-id=\"46ff5b4\" data-element_type=\"container\" data-e-type=\"container\">\n\t\t\t\t\t<div class=\"e-con-inner\">\n\t\t\t\t<div class=\"elementor-element elementor-element-22eb0de elementor-widget__width-initial elementor-widget elementor-widget-text-editor\" data-id=\"22eb0de\" data-element_type=\"widget\" data-e-type=\"widget\" data-widget_type=\"text-editor.default\">\n\t\t\t\t\t\t\t\t\t<p><a href=\"https:\/\/romaniweissswingtett.com\/hanna-bienert\/\">\u2190 Hanna Bienert<\/a><\/p>\t\t\t\t\t\t\t\t<\/div>\n\t\t\t\t<div class=\"elementor-element elementor-element-c686594 elementor-widget__width-initial elementor-widget elementor-widget-text-editor\" data-id=\"c686594\" data-element_type=\"widget\" data-e-type=\"widget\" data-widget_type=\"text-editor.default\">\n\t\t\t\t\t\t\t\t\t<p><a href=\"https:\/\/romaniweissswingtett.com\/fr\/\">Retour \u00e0 la page d&rsquo;accueil<\/a><\/p>\t\t\t\t\t\t\t\t<\/div>\n\t\t\t\t<div class=\"elementor-element elementor-element-bc66ceb elementor-widget elementor-widget-text-editor\" data-id=\"bc66ceb\" data-element_type=\"widget\" data-e-type=\"widget\" data-widget_type=\"text-editor.default\">\n\t\t\t\t\t\t\t\t\t<p><a href=\"https:\/\/romaniweissswingtett.com\/fr\/andre-loos\/\">Andr\u00e9 Loos \u2192<\/a><\/p>\t\t\t\t\t\t\t\t<\/div>\n\t\t\t\t\t<\/div>\n\t\t\t\t<\/div>\n\t\t\t\t<\/div>\n\t\t","protected":false},"excerpt":{"rendered":"<p>Manolito Steinbach Guitariste rythmique et ambassadeur culturel Manolito Steinbach enrichit le groupe gr\u00e2ce \u00e0 son jeu de guitare rythmique exceptionnel. [&hellip;]<\/p>\n","protected":false},"author":1,"featured_media":0,"parent":0,"menu_order":0,"comment_status":"closed","ping_status":"closed","template":"","meta":{"_uag_custom_page_level_css":"","site-sidebar-layout":"no-sidebar","site-content-layout":"","ast-site-content-layout":"full-width-container","site-content-style":"default","site-sidebar-style":"default","ast-global-header-display":"","ast-banner-title-visibility":"","ast-main-header-display":"","ast-hfb-above-header-display":"","ast-hfb-below-header-display":"","ast-hfb-mobile-header-display":"","site-post-title":"disabled","ast-breadcrumbs-content":"","ast-featured-img":"disabled","footer-sml-layout":"","ast-disable-related-posts":"","theme-transparent-header-meta":"enabled","adv-header-id-meta":"","stick-header-meta":"","header-above-stick-meta":"","header-main-stick-meta":"","header-below-stick-meta":"","astra-migrate-meta-layouts":"default","ast-page-background-enabled":"default","ast-page-background-meta":{"desktop":{"background-color":"var(--ast-global-color-4)","background-image":"","background-repeat":"repeat","background-position":"center center","background-size":"auto","background-attachment":"scroll","background-type":"","background-media":"","overlay-type":"","overlay-color":"","overlay-opacity":"","overlay-gradient":""},"tablet":{"background-color":"","background-image":"","background-repeat":"repeat","background-position":"center center","background-size":"auto","background-attachment":"scroll","background-type":"","background-media":"","overlay-type":"","overlay-color":"","overlay-opacity":"","overlay-gradient":""},"mobile":{"background-color":"","background-image":"","background-repeat":"repeat","background-position":"center center","background-size":"auto","background-attachment":"scroll","background-type":"","background-media":"","overlay-type":"","overlay-color":"","overlay-opacity":"","overlay-gradient":""}},"ast-content-background-meta":{"desktop":{"background-color":"var(--ast-global-color-5)","background-image":"","background-repeat":"repeat","background-position":"center center","background-size":"auto","background-attachment":"scroll","background-type":"","background-media":"","overlay-type":"","overlay-color":"","overlay-opacity":"","overlay-gradient":""},"tablet":{"background-color":"var(--ast-global-color-5)","background-image":"","background-repeat":"repeat","background-position":"center center","background-size":"auto","background-attachment":"scroll","background-type":"","background-media":"","overlay-type":"","overlay-color":"","overlay-opacity":"","overlay-gradient":""},"mobile":{"background-color":"var(--ast-global-color-5)","background-image":"","background-repeat":"repeat","background-position":"center center","background-size":"auto","background-attachment":"scroll","background-type":"","background-media":"","overlay-type":"","overlay-color":"","overlay-opacity":"","overlay-gradient":""}},"footnotes":""},"class_list":["post-1087","page","type-page","status-publish","hentry"],"uagb_featured_image_src":{"full":false,"thumbnail":false,"medium":false,"medium_large":false,"large":false,"1536x1536":false,"2048x2048":false},"uagb_author_info":{"display_name":"solhanna.business@gmail.com","author_link":"https:\/\/romaniweissswingtett.com\/fr\/author\/solhanna-businessgmail-com\/"},"uagb_comment_info":0,"uagb_excerpt":"Manolito Steinbach Guitariste rythmique et ambassadeur culturel Manolito Steinbach enrichit le groupe gr\u00e2ce \u00e0 son jeu de guitare rythmique exceptionnel. [&hellip;]","_links":{"self":[{"href":"https:\/\/romaniweissswingtett.com\/fr\/wp-json\/wp\/v2\/pages\/1087","targetHints":{"allow":["GET"]}}],"collection":[{"href":"https:\/\/romaniweissswingtett.com\/fr\/wp-json\/wp\/v2\/pages"}],"about":[{"href":"https:\/\/romaniweissswingtett.com\/fr\/wp-json\/wp\/v2\/types\/page"}],"author":[{"embeddable":true,"href":"https:\/\/romaniweissswingtett.com\/fr\/wp-json\/wp\/v2\/users\/1"}],"replies":[{"embeddable":true,"href":"https:\/\/romaniweissswingtett.com\/fr\/wp-json\/wp\/v2\/comments?post=1087"}],"version-history":[{"count":7,"href":"https:\/\/romaniweissswingtett.com\/fr\/wp-json\/wp\/v2\/pages\/1087\/revisions"}],"predecessor-version":[{"id":1188,"href":"https:\/\/romaniweissswingtett.com\/fr\/wp-json\/wp\/v2\/pages\/1087\/revisions\/1188"}],"wp:attachment":[{"href":"https:\/\/romaniweissswingtett.com\/fr\/wp-json\/wp\/v2\/media?parent=1087"}],"curies":[{"name":"wp","href":"https:\/\/api.w.org\/{rel}","templated":true}]}}