{"id":1090,"date":"2025-12-12T11:18:17","date_gmt":"2025-12-12T11:18:17","guid":{"rendered":"https:\/\/romaniweissswingtett.com\/hanna-bienert\/"},"modified":"2026-01-09T19:09:06","modified_gmt":"2026-01-09T19:09:06","slug":"hanna-bienert","status":"publish","type":"page","link":"https:\/\/romaniweissswingtett.com\/fr\/hanna-bienert\/","title":{"rendered":"Hanna Bienert"},"content":{"rendered":"\t\t<div data-elementor-type=\"wp-page\" data-elementor-id=\"1090\" class=\"elementor elementor-1090 elementor-803\">\n\t\t\t\t<div class=\"elementor-element elementor-element-4b58023 e-flex e-con-boxed e-con e-parent\" data-id=\"4b58023\" data-element_type=\"container\" data-e-type=\"container\">\n\t\t\t\t\t<div class=\"e-con-inner\">\n\t\t\t\t<div class=\"elementor-element elementor-element-2076fde elementor-widget elementor-widget-heading\" data-id=\"2076fde\" data-element_type=\"widget\" data-e-type=\"widget\" data-widget_type=\"heading.default\">\n\t\t\t\t\t<h2 class=\"elementor-heading-title elementor-size-default\">Hanna Bienert<\/h2>\t\t\t\t<\/div>\n\t\t\t\t<div class=\"elementor-element elementor-element-741084e elementor-widget elementor-widget-heading\" data-id=\"741084e\" data-element_type=\"widget\" data-e-type=\"widget\" data-widget_type=\"heading.default\">\n\t\t\t\t\t<h1 class=\"elementor-heading-title elementor-size-default\"><i>Conteuse au violon<\/i><\/h1>\t\t\t\t<\/div>\n\t\t\t\t\t<\/div>\n\t\t\t\t<\/div>\n\t\t<div class=\"elementor-element elementor-element-afb1169 e-flex e-con-boxed e-con e-parent\" data-id=\"afb1169\" data-element_type=\"container\" data-e-type=\"container\">\n\t\t\t\t\t<div class=\"e-con-inner\">\n\t\t\t\t<div class=\"elementor-element elementor-element-5d086f1 elementor-widget elementor-widget-image\" data-id=\"5d086f1\" data-element_type=\"widget\" data-e-type=\"widget\" data-widget_type=\"image.default\">\n\t\t\t\t\t\t\t\t\t\t\t\t\t\t\t<img fetchpriority=\"high\" decoding=\"async\" width=\"768\" height=\"576\" src=\"https:\/\/romaniweissswingtett.com\/wp-content\/uploads\/2025\/12\/4096-3072-max-1-768x576.jpg\" class=\"attachment-medium_large size-medium_large wp-image-1072\" alt=\"4096 3072 max (1)\" srcset=\"https:\/\/romaniweissswingtett.com\/wp-content\/uploads\/2025\/12\/4096-3072-max-1-768x576.jpg 768w, https:\/\/romaniweissswingtett.com\/wp-content\/uploads\/2025\/12\/4096-3072-max-1-300x225.jpg 300w, https:\/\/romaniweissswingtett.com\/wp-content\/uploads\/2025\/12\/4096-3072-max-1-1024x768.jpg 1024w, https:\/\/romaniweissswingtett.com\/wp-content\/uploads\/2025\/12\/4096-3072-max-1-1536x1152.jpg 1536w, https:\/\/romaniweissswingtett.com\/wp-content\/uploads\/2025\/12\/4096-3072-max-1-2048x1536.jpg 2048w\" sizes=\"(max-width: 768px) 100vw, 768px\" title=\"Hanna Bienert\">\t\t\t\t\t\t\t\t\t\t\t\t\t\t\t<\/div>\n\t\t\t\t\t<\/div>\n\t\t\t\t<\/div>\n\t\t<div class=\"elementor-element elementor-element-4eaab0e e-flex e-con-boxed e-con e-parent\" data-id=\"4eaab0e\" data-element_type=\"container\" data-e-type=\"container\">\n\t\t\t\t\t<div class=\"e-con-inner\">\n\t\t\t\t<div class=\"elementor-element elementor-element-ab2a321 elementor-widget__width-initial elementor-widget-tablet__width-inherit elementor-widget elementor-widget-text-editor\" data-id=\"ab2a321\" data-element_type=\"widget\" data-e-type=\"widget\" data-widget_type=\"text-editor.default\">\n\t\t\t\t\t\t\t\t\t<p>Originaire de Berlin, <strong>Hanna Bienert<\/strong> a commenc\u00e9 sa formation musicale \u00e0 l&rsquo;\u00e2ge de cinq ans au violon. Dans sa jeunesse, elle a d&rsquo;abord \u00e9largi son spectre musical en tant que guitariste et a d\u00e9couvert sa passion pour le jazz et la musique improvis\u00e9e. Le d\u00e9clic d\u00e9cisif pour le violon jazz s&rsquo;est produit lorsqu&rsquo;elle a entendu pour la premi\u00e8re fois un enregistrement de <strong>St\u00e9phane Grappelli<\/strong> \u2013 un moment qui a durablement marqu\u00e9 son parcours artistique.<\/p><p>Apr\u00e8s ses premiers projets de groupe \u00e0 Berlin, elle a v\u00e9cu sept ann\u00e9es formatrices \u00e0 Paris, o\u00f9 elle a \u00e9tudi\u00e9 aupr\u00e8s du c\u00e9l\u00e8bre violoniste de jazz <strong>Didier Lockwood<\/strong>. Elle s&rsquo;y est pench\u00e9e intensivement sur la tradition fran\u00e7aise du violon jazz et a d\u00e9velopp\u00e9 un langage musical ind\u00e9pendant.<\/p><p>Son jeu se caract\u00e9rise par une grande <strong>sensibilit\u00e9<\/strong>, une <strong>musicalit\u00e9 instinctive<\/strong> et un <strong>son clair, chaleureux et tr\u00e8s personnel<\/strong>. Elle ne consid\u00e8re pas l&rsquo;improvisation comme une virtuosit\u00e9 gratuite, mais comme un processus narratif \u2013 comme une voix musicale avec du caract\u00e8re et une attitude.<\/p><p>Elle s&rsquo;est produite sur des sc\u00e8nes dans toute l&rsquo;Europe et \u00e0 l&rsquo;\u00e9tranger, notamment dans des festivals internationaux tels que le <em>Edinburgh Jazz Festival<\/em>, le <em>Brecon Jazz Festival<\/em> et le <em>Breda Jazz Festival<\/em>. Au cours de sa carri\u00e8re, elle a jou\u00e9 avec des artistes de renomm\u00e9e internationale et a particip\u00e9 \u00e0 des projets avec des musiciens de r\u00e9putation mondiale. Parall\u00e8lement \u00e0 son activit\u00e9 de concertiste, elle travaille comme compositrice et arrangeuse pour des productions th\u00e9\u00e2trales ainsi que pour la musique pop et de film.<\/p><p style=\"text-align: center;\"><a href=\"http:\/\/www.hannabienert.com\">www.hannabienert.com<\/a><\/p>\t\t\t\t\t\t\t\t<\/div>\n\t\t\t\t\t<\/div>\n\t\t\t\t<\/div>\n\t\t<div class=\"elementor-element elementor-element-951ca13 e-grid e-con-boxed e-con e-parent\" data-id=\"951ca13\" data-element_type=\"container\" data-e-type=\"container\">\n\t\t\t\t\t<div class=\"e-con-inner\">\n\t\t\t\t<div class=\"elementor-element elementor-element-e4f3c1b elementor-widget__width-initial elementor-widget elementor-widget-text-editor\" data-id=\"e4f3c1b\" data-element_type=\"widget\" data-e-type=\"widget\" data-widget_type=\"text-editor.default\">\n\t\t\t\t\t\t\t\t\t<p><a href=\"https:\/\/romaniweissswingtett.com\/fr\/romani-weiss\/\">\u2190 Romani Weiss<\/a><\/p>\t\t\t\t\t\t\t\t<\/div>\n\t\t\t\t<div class=\"elementor-element elementor-element-5d5a147 elementor-widget__width-initial elementor-widget elementor-widget-text-editor\" data-id=\"5d5a147\" data-element_type=\"widget\" data-e-type=\"widget\" data-widget_type=\"text-editor.default\">\n\t\t\t\t\t\t\t\t\t<p><a href=\"https:\/\/romaniweissswingtett.com\/fr\/\">Retour \u00e0 la page d&rsquo;accueil<\/a><\/p>\t\t\t\t\t\t\t\t<\/div>\n\t\t\t\t<div class=\"elementor-element elementor-element-d5d72dd elementor-widget elementor-widget-text-editor\" data-id=\"d5d72dd\" data-element_type=\"widget\" data-e-type=\"widget\" data-widget_type=\"text-editor.default\">\n\t\t\t\t\t\t\t\t\t<p><a href=\"https:\/\/romaniweissswingtett.com\/fr\/manolito-steinbach\/\">Manolito Steinbach \u2192<\/a><\/p>\t\t\t\t\t\t\t\t<\/div>\n\t\t\t\t\t<\/div>\n\t\t\t\t<\/div>\n\t\t\t\t<\/div>\n\t\t","protected":false},"excerpt":{"rendered":"<p>Hanna Bienert Conteuse au violon Originaire de Berlin, Hanna Bienert a commenc\u00e9 sa formation musicale \u00e0 l&rsquo;\u00e2ge de cinq ans [&hellip;]<\/p>\n","protected":false},"author":1,"featured_media":0,"parent":0,"menu_order":0,"comment_status":"closed","ping_status":"closed","template":"","meta":{"_uag_custom_page_level_css":"","site-sidebar-layout":"no-sidebar","site-content-layout":"","ast-site-content-layout":"full-width-container","site-content-style":"default","site-sidebar-style":"default","ast-global-header-display":"","ast-banner-title-visibility":"","ast-main-header-display":"","ast-hfb-above-header-display":"","ast-hfb-below-header-display":"","ast-hfb-mobile-header-display":"","site-post-title":"disabled","ast-breadcrumbs-content":"","ast-featured-img":"disabled","footer-sml-layout":"","ast-disable-related-posts":"","theme-transparent-header-meta":"enabled","adv-header-id-meta":"","stick-header-meta":"","header-above-stick-meta":"","header-main-stick-meta":"","header-below-stick-meta":"","astra-migrate-meta-layouts":"default","ast-page-background-enabled":"default","ast-page-background-meta":{"desktop":{"background-color":"var(--ast-global-color-4)","background-image":"","background-repeat":"repeat","background-position":"center center","background-size":"auto","background-attachment":"scroll","background-type":"","background-media":"","overlay-type":"","overlay-color":"","overlay-opacity":"","overlay-gradient":""},"tablet":{"background-color":"","background-image":"","background-repeat":"repeat","background-position":"center center","background-size":"auto","background-attachment":"scroll","background-type":"","background-media":"","overlay-type":"","overlay-color":"","overlay-opacity":"","overlay-gradient":""},"mobile":{"background-color":"","background-image":"","background-repeat":"repeat","background-position":"center center","background-size":"auto","background-attachment":"scroll","background-type":"","background-media":"","overlay-type":"","overlay-color":"","overlay-opacity":"","overlay-gradient":""}},"ast-content-background-meta":{"desktop":{"background-color":"var(--ast-global-color-5)","background-image":"","background-repeat":"repeat","background-position":"center center","background-size":"auto","background-attachment":"scroll","background-type":"","background-media":"","overlay-type":"","overlay-color":"","overlay-opacity":"","overlay-gradient":""},"tablet":{"background-color":"var(--ast-global-color-5)","background-image":"","background-repeat":"repeat","background-position":"center center","background-size":"auto","background-attachment":"scroll","background-type":"","background-media":"","overlay-type":"","overlay-color":"","overlay-opacity":"","overlay-gradient":""},"mobile":{"background-color":"var(--ast-global-color-5)","background-image":"","background-repeat":"repeat","background-position":"center center","background-size":"auto","background-attachment":"scroll","background-type":"","background-media":"","overlay-type":"","overlay-color":"","overlay-opacity":"","overlay-gradient":""}},"footnotes":""},"class_list":["post-1090","page","type-page","status-publish","hentry"],"uagb_featured_image_src":{"full":false,"thumbnail":false,"medium":false,"medium_large":false,"large":false,"1536x1536":false,"2048x2048":false},"uagb_author_info":{"display_name":"solhanna.business@gmail.com","author_link":"https:\/\/romaniweissswingtett.com\/fr\/author\/solhanna-businessgmail-com\/"},"uagb_comment_info":0,"uagb_excerpt":"Hanna Bienert Conteuse au violon Originaire de Berlin, Hanna Bienert a commenc\u00e9 sa formation musicale \u00e0 l&rsquo;\u00e2ge de cinq ans [&hellip;]","_links":{"self":[{"href":"https:\/\/romaniweissswingtett.com\/fr\/wp-json\/wp\/v2\/pages\/1090","targetHints":{"allow":["GET"]}}],"collection":[{"href":"https:\/\/romaniweissswingtett.com\/fr\/wp-json\/wp\/v2\/pages"}],"about":[{"href":"https:\/\/romaniweissswingtett.com\/fr\/wp-json\/wp\/v2\/types\/page"}],"author":[{"embeddable":true,"href":"https:\/\/romaniweissswingtett.com\/fr\/wp-json\/wp\/v2\/users\/1"}],"replies":[{"embeddable":true,"href":"https:\/\/romaniweissswingtett.com\/fr\/wp-json\/wp\/v2\/comments?post=1090"}],"version-history":[{"count":1,"href":"https:\/\/romaniweissswingtett.com\/fr\/wp-json\/wp\/v2\/pages\/1090\/revisions"}],"predecessor-version":[{"id":1091,"href":"https:\/\/romaniweissswingtett.com\/fr\/wp-json\/wp\/v2\/pages\/1090\/revisions\/1091"}],"wp:attachment":[{"href":"https:\/\/romaniweissswingtett.com\/fr\/wp-json\/wp\/v2\/media?parent=1090"}],"curies":[{"name":"wp","href":"https:\/\/api.w.org\/{rel}","templated":true}]}}