{"id":1093,"date":"2025-12-12T16:20:33","date_gmt":"2025-12-12T16:20:33","guid":{"rendered":"https:\/\/romaniweissswingtett.com\/impressum-und-datenschutz\/"},"modified":"2026-01-10T01:21:23","modified_gmt":"2026-01-10T01:21:23","slug":"impressum-und-datenschutz","status":"publish","type":"page","link":"https:\/\/romaniweissswingtett.com\/fr\/impressum-und-datenschutz\/","title":{"rendered":"Mentions l\u00e9gales et protection des donn\u00e9es"},"content":{"rendered":"\t\t<div data-elementor-type=\"wp-page\" data-elementor-id=\"1093\" class=\"elementor elementor-1093 elementor-868\">\n\t\t\t\t<div class=\"elementor-element elementor-element-c92067d e-flex e-con-boxed e-con e-parent\" data-id=\"c92067d\" data-element_type=\"container\" data-e-type=\"container\">\n\t\t\t\t\t<div class=\"e-con-inner\">\n\t\t\t\t<div class=\"elementor-element elementor-element-14b0912 elementor-widget elementor-widget-text-editor\" data-id=\"14b0912\" data-element_type=\"widget\" data-e-type=\"widget\" data-widget_type=\"text-editor.default\">\n\t\t\t\t\t\t\t\t\t<div class=\"notion-selectable notion-text-block\" dir=\"auto\" data-block-id=\"2c7f491f-2b49-801d-a4ac-d12fb8550d23\"><div class=\"content-editable-leaf-rtl notranslate\" contenteditable=\"true\" spellcheck=\"true\" data-content-editable-leaf=\"true\"><h3 data-start=\"143\" data-end=\"164\">Mentions l\u00e9gales<\/h3><p data-start=\"165\" data-end=\"249\">Informations conform\u00e9ment \u00e0 l\u2019article 5 de la loi allemande sur les t\u00e9l\u00e9m\u00e9dias (TMG)<\/p><p data-start=\"251\" data-end=\"312\">Hanna Bienert<br data-start=\"264\" data-end=\"267\" \/>Gelnitzstra\u00dfe 30<br data-start=\"283\" data-end=\"286\" \/>12555 Berlin<br data-start=\"298\" data-end=\"301\" \/>Allemagne<br \/><br \/><strong data-start=\"314\" data-end=\"327\">Contact :<\/strong><br data-start=\"327\" data-end=\"330\" \/>E-mail : <a class=\"decorated-link cursor-pointer\" rel=\"noopener\" data-start=\"339\" data-end=\"367\">info@romaniweisswingtett.com<br \/><br \/><\/a><strong data-start=\"371\" data-end=\"449\">Responsable du contenu conform\u00e9ment \u00e0 l\u2019article 55, paragraphe 2 du RStV :<\/strong><\/p><p data-start=\"453\" data-end=\"502\">Hanna Bienert<br data-start=\"466\" data-end=\"469\" \/>Gelnitzstra\u00dfe 30<br data-start=\"485\" data-end=\"488\" \/>12555 Berlin<\/p><p data-start=\"453\" data-end=\"502\"><strong data-start=\"504\" data-end=\"540\"><br \/>Concept, design et r\u00e9alisation :<\/strong><br data-start=\"540\" data-end=\"543\" \/>Hanna Bienert<br \/><br \/><strong>Clause de non-responsabilit\u00e9 :<\/strong><br data-start=\"594\" data-end=\"597\" \/>Malgr\u00e9 un contr\u00f4le attentif du contenu, nous d\u00e9clinons toute responsabilit\u00e9 quant au contenu des liens externes. Les exploitants des pages li\u00e9es sont seuls responsables de leur contenu.<\/p><h3 data-start=\"789\" data-end=\"820\"><br \/>Politique de confidentialit\u00e9<\/h3><p data-start=\"822\" data-end=\"1105\">Nous vous remercions de l\u2019int\u00e9r\u00eat que vous portez \u00e0 notre site internet.<br data-start=\"894\" data-end=\"897\" \/>La protection de vos donn\u00e9es personnelles est une priorit\u00e9 pour nous.<br data-start=\"966\" data-end=\"969\" \/>Conform\u00e9ment \u00e0 l\u2019article 13 du RGPD, nous vous informons ci-dessous du traitement des donn\u00e9es personnelles lors de la visite de ce site.<\/p><h4 data-start=\"1112\" data-end=\"1144\"><br \/>1. Responsable du traitement<\/h4><p data-start=\"1146\" data-end=\"1247\">Hanna Bienert<br data-start=\"1159\" data-end=\"1162\" \/>Gelnitzstra\u00dfe 30<br data-start=\"1178\" data-end=\"1181\" \/>12555 Berlin<br data-start=\"1193\" data-end=\"1196\" \/>Allemagne<br data-start=\"1205\" data-end=\"1208\" \/>E-mail : <a class=\"decorated-link cursor-pointer\" rel=\"noopener\" data-start=\"1217\" data-end=\"1245\">info@romaniweisswingtett.com<br \/><\/a><\/p><h4 data-start=\"1254\" data-end=\"1323\"><br \/>2. H\u00e9bergement et mise \u00e0 disposition du site internet (WordPress)<\/h4><p data-start=\"1325\" data-end=\"1547\">Ce site est exploit\u00e9 \u00e0 l\u2019aide de WordPress et h\u00e9berg\u00e9 par un prestataire externe.<br data-start=\"1406\" data-end=\"1409\" \/>Dans le cadre de l\u2019h\u00e9bergement, des donn\u00e9es personnelles n\u00e9cessaires au fonctionnement et \u00e0 la s\u00e9curit\u00e9 du site sont trait\u00e9es, notamment :<\/p><ul data-start=\"1549\" data-end=\"1685\"><li data-start=\"1549\" data-end=\"1563\"><p data-start=\"1551\" data-end=\"1563\">Adresse IP<\/p><\/li><li data-start=\"1564\" data-end=\"1592\"><p data-start=\"1566\" data-end=\"1592\">Date et heure de l\u2019acc\u00e8s<\/p><\/li><li data-start=\"1593\" data-end=\"1626\"><p data-start=\"1595\" data-end=\"1626\">Type et version du navigateur<\/p><\/li><li data-start=\"1627\" data-end=\"1653\"><p data-start=\"1629\" data-end=\"1653\">Syst\u00e8me d\u2019exploitation<\/p><\/li><li data-start=\"1654\" data-end=\"1685\"><p data-start=\"1656\" data-end=\"1685\">URL de r\u00e9f\u00e9rence (referrer)<\/p><\/li><\/ul><p data-start=\"1687\" data-end=\"1774\">Ces donn\u00e9es sont enregistr\u00e9es dans des fichiers journaux du serveur (server log files).<\/p><p data-start=\"1776\" data-end=\"1939\"><strong data-start=\"1776\" data-end=\"1796\">Base juridique :<\/strong><br data-start=\"1796\" data-end=\"1799\" \/>Article 6, paragraphe 1, point f) du RGPD (int\u00e9r\u00eat l\u00e9gitime \u00e0 une mise \u00e0 disposition s\u00fbre, stable et techniquement fiable du site internet).<\/p><p data-start=\"1941\" data-end=\"2049\">Un contrat de sous-traitance conforme \u00e0 l\u2019article 28 du RGPD a \u00e9t\u00e9 conclu avec le prestataire d\u2019h\u00e9bergement.<\/p><h4 data-start=\"2056\" data-end=\"2070\"><br \/>3. Cookies<\/h4><p data-start=\"2072\" data-end=\"2329\">Notre site utilise des cookies strictement n\u00e9cessaires au fonctionnement du site.<br data-start=\"2153\" data-end=\"2156\" \/>Si d\u2019autres cookies sont utilis\u00e9s (par exemple via des contenus int\u00e9gr\u00e9s), cela se fait uniquement apr\u00e8s votre consentement pr\u00e9alable via une banni\u00e8re de cookies appropri\u00e9e.<\/p><p data-start=\"2331\" data-end=\"2353\"><strong data-start=\"2331\" data-end=\"2351\">Base juridique :<\/strong><\/p><ul data-start=\"2354\" data-end=\"2512\"><li data-start=\"2354\" data-end=\"2433\"><p data-start=\"2356\" data-end=\"2433\">Cookies strictement n\u00e9cessaires : Article 6, paragraphe 1, point f) du RGPD<\/p><\/li><li data-start=\"2434\" data-end=\"2512\"><p data-start=\"2436\" data-end=\"2512\">Cookies soumis au consentement : Article 6, paragraphe 1, point a) du RGPD<\/p><\/li><\/ul><h4 data-start=\"2519\" data-end=\"2553\"><br \/>4. Contenus int\u00e9gr\u00e9s (YouTube)<\/h4><p data-start=\"2555\" data-end=\"2621\">Des vid\u00e9os de la plateforme YouTube sont int\u00e9gr\u00e9es sur notre site.<\/p><p data-start=\"2623\" data-end=\"2719\"><strong data-start=\"2623\" data-end=\"2640\">Fournisseur :<\/strong><br data-start=\"2640\" data-end=\"2643\" \/>Google Ireland Limited<br data-start=\"2665\" data-end=\"2668\" \/>Gordon House<br data-start=\"2680\" data-end=\"2683\" \/>Barrow Street<br data-start=\"2696\" data-end=\"2699\" \/>Dublin 4<br data-start=\"2707\" data-end=\"2710\" \/>Irlande<\/p><p data-start=\"2721\" data-end=\"2901\">Lors de la lecture des vid\u00e9os, des donn\u00e9es personnelles (par exemple l\u2019adresse IP) peuvent \u00eatre transmises \u00e0 Google. Un transfert de donn\u00e9es vers les \u00c9tats-Unis ne peut \u00eatre exclu.<\/p><p data-start=\"2903\" data-end=\"3015\">L\u2019int\u00e9gration des vid\u00e9os s\u2019effectue exclusivement apr\u00e8s votre consentement explicite via la banni\u00e8re de cookies.<\/p><p data-start=\"3017\" data-end=\"3096\"><strong data-start=\"3017\" data-end=\"3037\">Base juridique :<\/strong><br data-start=\"3037\" data-end=\"3040\" \/>Article 6, paragraphe 1, point a) du RGPD (consentement)<\/p><h4 data-start=\"3103\" data-end=\"3140\"><br \/>5. Liens vers les r\u00e9seaux sociaux<\/h4><p data-start=\"3142\" data-end=\"3503\">Notre site contient des liens vers des r\u00e9seaux sociaux externes (par exemple Instagram, Facebook, YouTube).<br data-start=\"3249\" data-end=\"3252\" \/>La simple visite de notre site n\u2019entra\u00eene aucune transmission automatique de donn\u00e9es vers ces plateformes.<br data-start=\"3358\" data-end=\"3361\" \/>Ce n\u2019est qu\u2019en cliquant sur un lien que vous quittez notre site et que les politiques de confidentialit\u00e9 du fournisseur concern\u00e9 s\u2019appliquent.<\/p><h4 data-start=\"3510\" data-end=\"3535\"><br \/>6. Contact par e-mail<\/h4><p data-start=\"3537\" data-end=\"3727\">Si vous nous contactez par e-mail, les donn\u00e9es que vous transmettez (par exemple nom, adresse e-mail, contenu du message) sont trait\u00e9es exclusivement dans le but de r\u00e9pondre \u00e0 votre demande.<\/p><p data-start=\"3729\" data-end=\"3847\"><strong data-start=\"3729\" data-end=\"3749\">Base juridique :<\/strong><br data-start=\"3749\" data-end=\"3752\" \/>Article 6, paragraphe 1, point b) du RGPD (ex\u00e9cution d\u2019un contrat ou mesures pr\u00e9contractuelles)<\/p><h4 data-start=\"3854\" data-end=\"3892\"><br \/>7. Newsletter \/ Liste de diffusion<\/h4><p data-start=\"3894\" data-end=\"4095\">Si vous vous inscrivez \u00e0 notre liste de diffusion, nous traitons votre adresse e-mail exclusivement pour l\u2019envoi d\u2019informations concernant les concerts, projets et actualit\u00e9s du Romani Weiss Swingtett.<\/p><p data-start=\"4097\" data-end=\"4136\"><strong data-start=\"4097\" data-end=\"4111\">Finalit\u00e9 :<\/strong><br data-start=\"4111\" data-end=\"4114\" \/>Envoi de newsletters<\/p><p data-start=\"4138\" data-end=\"4217\"><strong data-start=\"4138\" data-end=\"4158\">Base juridique :<\/strong><br data-start=\"4158\" data-end=\"4161\" \/>Article 6, paragraphe 1, point a) du RGPD (consentement)<\/p><p data-start=\"4219\" data-end=\"4311\">L\u2019envoi est effectu\u00e9 par l\u2019interm\u00e9diaire d\u2019un prestataire externe de services de newsletter.<\/p><\/div><\/div>\t\t\t\t\t\t\t\t<\/div>\n\t\t\t\t\t<\/div>\n\t\t\t\t<\/div>\n\t\t\t\t<\/div>\n\t\t","protected":false},"excerpt":{"rendered":"<p>Mentions l\u00e9gales Informations conform\u00e9ment \u00e0 l\u2019article 5 de la loi allemande sur les t\u00e9l\u00e9m\u00e9dias (TMG) Hanna BienertGelnitzstra\u00dfe 3012555 BerlinAllemagne Contact [&hellip;]<\/p>\n","protected":false},"author":1,"featured_media":0,"parent":0,"menu_order":0,"comment_status":"closed","ping_status":"closed","template":"","meta":{"_uag_custom_page_level_css":"","site-sidebar-layout":"no-sidebar","site-content-layout":"","ast-site-content-layout":"full-width-container","site-content-style":"default","site-sidebar-style":"default","ast-global-header-display":"","ast-banner-title-visibility":"","ast-main-header-display":"","ast-hfb-above-header-display":"","ast-hfb-below-header-display":"","ast-hfb-mobile-header-display":"","site-post-title":"","ast-breadcrumbs-content":"","ast-featured-img":"disabled","footer-sml-layout":"","ast-disable-related-posts":"","theme-transparent-header-meta":"","adv-header-id-meta":"","stick-header-meta":"","header-above-stick-meta":"","header-main-stick-meta":"","header-below-stick-meta":"","astra-migrate-meta-layouts":"default","ast-page-background-enabled":"default","ast-page-background-meta":{"desktop":{"background-color":"var(--ast-global-color-4)","background-image":"","background-repeat":"repeat","background-position":"center center","background-size":"auto","background-attachment":"scroll","background-type":"","background-media":"","overlay-type":"","overlay-color":"","overlay-opacity":"","overlay-gradient":""},"tablet":{"background-color":"","background-image":"","background-repeat":"repeat","background-position":"center center","background-size":"auto","background-attachment":"scroll","background-type":"","background-media":"","overlay-type":"","overlay-color":"","overlay-opacity":"","overlay-gradient":""},"mobile":{"background-color":"","background-image":"","background-repeat":"repeat","background-position":"center center","background-size":"auto","background-attachment":"scroll","background-type":"","background-media":"","overlay-type":"","overlay-color":"","overlay-opacity":"","overlay-gradient":""}},"ast-content-background-meta":{"desktop":{"background-color":"var(--ast-global-color-5)","background-image":"","background-repeat":"repeat","background-position":"center center","background-size":"auto","background-attachment":"scroll","background-type":"","background-media":"","overlay-type":"","overlay-color":"","overlay-opacity":"","overlay-gradient":""},"tablet":{"background-color":"var(--ast-global-color-5)","background-image":"","background-repeat":"repeat","background-position":"center center","background-size":"auto","background-attachment":"scroll","background-type":"","background-media":"","overlay-type":"","overlay-color":"","overlay-opacity":"","overlay-gradient":""},"mobile":{"background-color":"var(--ast-global-color-5)","background-image":"","background-repeat":"repeat","background-position":"center center","background-size":"auto","background-attachment":"scroll","background-type":"","background-media":"","overlay-type":"","overlay-color":"","overlay-opacity":"","overlay-gradient":""}},"footnotes":""},"class_list":["post-1093","page","type-page","status-publish","hentry"],"uagb_featured_image_src":{"full":false,"thumbnail":false,"medium":false,"medium_large":false,"large":false,"1536x1536":false,"2048x2048":false},"uagb_author_info":{"display_name":"solhanna.business@gmail.com","author_link":"https:\/\/romaniweissswingtett.com\/fr\/author\/solhanna-businessgmail-com\/"},"uagb_comment_info":0,"uagb_excerpt":"Mentions l\u00e9gales Informations conform\u00e9ment \u00e0 l\u2019article 5 de la loi allemande sur les t\u00e9l\u00e9m\u00e9dias (TMG) Hanna BienertGelnitzstra\u00dfe 3012555 BerlinAllemagne Contact [&hellip;]","_links":{"self":[{"href":"https:\/\/romaniweissswingtett.com\/fr\/wp-json\/wp\/v2\/pages\/1093","targetHints":{"allow":["GET"]}}],"collection":[{"href":"https:\/\/romaniweissswingtett.com\/fr\/wp-json\/wp\/v2\/pages"}],"about":[{"href":"https:\/\/romaniweissswingtett.com\/fr\/wp-json\/wp\/v2\/types\/page"}],"author":[{"embeddable":true,"href":"https:\/\/romaniweissswingtett.com\/fr\/wp-json\/wp\/v2\/users\/1"}],"replies":[{"embeddable":true,"href":"https:\/\/romaniweissswingtett.com\/fr\/wp-json\/wp\/v2\/comments?post=1093"}],"version-history":[{"count":6,"href":"https:\/\/romaniweissswingtett.com\/fr\/wp-json\/wp\/v2\/pages\/1093\/revisions"}],"predecessor-version":[{"id":1149,"href":"https:\/\/romaniweissswingtett.com\/fr\/wp-json\/wp\/v2\/pages\/1093\/revisions\/1149"}],"wp:attachment":[{"href":"https:\/\/romaniweissswingtett.com\/fr\/wp-json\/wp\/v2\/media?parent=1093"}],"curies":[{"name":"wp","href":"https:\/\/api.w.org\/{rel}","templated":true}]}}